{"id":212,"date":"2016-05-25T12:11:05","date_gmt":"2016-05-25T10:11:05","guid":{"rendered":"http:\/\/p235625.webspaceconfig.de\/wordpress\/?page_id=212"},"modified":"2020-09-16T20:19:25","modified_gmt":"2020-09-16T18:19:25","slug":"nogami","status":"publish","type":"page","link":"https:\/\/old.dainichi-europe.de\/en\/koi-farmen\/nogami\/","title":{"rendered":"Nogami"},"content":{"rendered":"[vc_row][vc_column width=&#8221;1\/2&#8243;][vc_custom_heading text=&#8221;Nogami Koi Farm&#8221; font_container=&#8221;tag:h1|text_align:left&#8221; use_theme_fonts=&#8221;yes&#8221;][vc_custom_heading text=&#8221;Nogami Koi Farm, Ojiya, Niigata&#8221; use_theme_fonts=&#8221;yes&#8221;][vc_column_text]\n<p align=\"LEFT\"><img decoding=\"async\" class=\"alignleft size-full wp-image-1434 lazyload\" data-src=\"https:\/\/rheinmainkoi.de\/nord\/wp-content\/uploads\/sites\/2\/2016\/05\/Nogami1.jpg\" alt=\"Nogami1\" width=\"147\" height=\"170\" src=\"data:image\/svg+xml;base64,PHN2ZyB3aWR0aD0iMSIgaGVpZ2h0PSIxIiB4bWxucz0iaHR0cDovL3d3dy53My5vcmcvMjAwMC9zdmciPjwvc3ZnPg==\" style=\"--smush-placeholder-width: 147px; --smush-placeholder-aspect-ratio: 147\/170;\" \/><img decoding=\"async\" class=\"alignleft size-full wp-image-1435 lazyload\" data-src=\"https:\/\/rheinmainkoi.de\/nord\/wp-content\/uploads\/sites\/2\/2016\/05\/Nogami2.jpg\" alt=\"Nogami2\" width=\"157\" height=\"170\" src=\"data:image\/svg+xml;base64,PHN2ZyB3aWR0aD0iMSIgaGVpZ2h0PSIxIiB4bWxucz0iaHR0cDovL3d3dy53My5vcmcvMjAwMC9zdmciPjwvc3ZnPg==\" style=\"--smush-placeholder-width: 157px; --smush-placeholder-aspect-ratio: 157\/170;\" \/>Die Familie Hisato, Inhaberin der Nogami Koi Farm, ist nahe verwandt mit den Besitzern der Dainichi Koi Farm. Die Mutter von Nogami war die Schwester des ber\u00fchmten Minoru Mano von Dainichi. In der Zeit als Dainichi begann Koi zu z\u00fcchten, hatte er Erfolg mit Yamabuki und Doitsu Sanke. Mit diesen beiden Variet\u00e4ten gr\u00fcndete auch die Familie Hisato ihre Koi Zucht. Hisayuki Hisato begann damit Dainichi Yamabuki gro\u00df zu ziehen. Nachdem er f\u00fcnf Jahre lang fremde Fische gro\u00dfgezogen hatte, begann er eigene Koi zu z\u00fcchten. Sein Sohn Nogami ist heute (2005) 44 Jahre alt. Mit 18 Jahren begann Nogami eine Lehre bei Dainichi. Minoru Mano bildete in seinen 55 Lebensjahren 12 Koi Z\u00fcchter aus. Diese 12 sind hier in der Reihenfolge dargestellt, in der sie von Mano ausgebildet wurden:<br \/>\nAndou<br \/>\nMarudo<br \/>\nNogami<br \/>\nMaruyama (Isawa)<br \/>\nTakahashi (Fukui)<br \/>\nYamda Shotoku Koi Farm<br \/>\nKatchi<br \/>\nKaizumi (Tokyo)<br \/>\nOmosako (Hiroshima)<br \/>\nIgarashi (z\u00fcchtet heute keine Koi)<br \/>\nIshida<\/p>\n[\/vc_column_text][vc_gallery interval=&#8221;3&#8243; images=&#8221;1165,1166,1167,1168,1169,1170,1171,1172,1173,1174&#8243; img_size=&#8221;large&#8221;][vc_column_text]Das zw\u00f6lfte Mitglied dieses elit\u00e4ren Kreises ist leider verstorben. Nogami arbeitete 16 Jahre auf der Dainichi Koi Farm. Er wollte wesentlich fr\u00fcher aus dem Schatten der Farm treten. Jedoch war er f\u00fcr die Lehre des Sohnes von Mano zust\u00e4ndig und konnte erst seinen eigenen Weg gehen als dieser seine Ausbildung beendet hatte. Koi Wissen kann nicht gekauft oder unterrichtet werden, es ist ein st\u00e4ndiges Beobachten und Vergleichen von K\u00f6rperformen, Farbnuancen, Zeichnung, Hautbeschaffenheit usw. Der Lernende muss den Lehrenden st\u00e4ndig beobachten, denn nur das Auge kann lernen und die Informationen aufnehmen. Vieles beginnt mit einer Ahnung und dann f\u00e4ngt man an diese noch nicht gefestigte Vorstellung anhand von Vergleichen und Beispielen zu kontrollieren, nur so ist es m\u00f6glich mehr \u00fcber Koi zu lernen. Nogami versuchte sein Wissen an das von Mano anzugleichen. Er beobachtete die Selektion von Mano und versuchte diese Koi und deren Entwicklung zu verfolgen und mit den Fischen seiner eigenen Selektion zu vergleichen. Das Gleiche galt auch f\u00fcr das Lernen und den Weg des Lernens zwischen Nogami und dem Sohn von Mano. Die heutigen Blutlinien der GoSanke Variet\u00e4ten auf der Nogami Koi Farm sind zu achtzig Prozent Dainichi Linien, wobei die Kohaku Linie durch das Einkreuzen von Kohaku der Takeda Hiroshima Linie unterst\u00fctzt wurde. Sein Ziel bei der Kohaku Zucht ist es, die allgemeine Qualit\u00e4t zu steigern. Das Rot seiner Kohaku soll sich wie das strahlende Rot eines Kirchenfensters zeigen.[\/vc_column_text][vc_gallery interval=&#8221;3&#8243; images=&#8221;1175,1176,1177,1178,1179,1180,1181,1182,1183&#8243; img_size=&#8221;large&#8221;][vc_column_text]\n<p align=\"LEFT\">Die wichtigste Linie seiner Kohaku Zucht ist die Kagura Linie der Dainichi Farm. Die Kohaku von Dainichi teilen sich in vier Linien:<br \/>\nKagura<br \/>\nGinnote<br \/>\nAinote<br \/>\nGangu<br \/>\nMit dem Wachstum seiner Kohaku ist Nogami zufrieden, denn 80 bis 85 Zentimeter Endgr\u00f6\u00dfe sind f\u00fcr ihn ausreichend. Die Showa Linien teilen sich in zwei urspr\u00fcngliche Linien: zum einen der Kobayashi Showa und zum anderen der Maruju Showa.<\/p>\n<p align=\"LEFT\">Aus 10 Verpaarungen werden<br \/>\n&gt; 6.000 Tosai<br \/>\n&gt; 600 Nisai und<br \/>\n50 bis 70 Sansai produziert.<\/p>\n<p align=\"LEFT\">Die Farm verf\u00fcgt \u00fcber<br \/>\n&gt; 20.000 Quadratmeter Zuchtgebiet<br \/>\n&gt; 40.000 Quadratmeter Mudponds<br \/>\naufgeteilt in sechs Teiche<br \/>\nDrei Fischh\u00e4user wurden 1985, 1990 und 2002 erbaut.<\/p>\n[\/vc_column_text][\/vc_column][vc_column width=&#8221;1\/2&#8243;][vc_video link=&#8221;https:\/\/www.youtube.com\/watch?v=nh65F___C90&#8243;][vc_video link=&#8221;https:\/\/www.youtube.com\/watch?v=BPOkqiXts18&#8243;][vc_video title=&#8221;Nogami Jumbo harvest 2015&#8243; link=&#8221;https:\/\/www.youtube.com\/watch?v=ZMCWPz6tMas&#8221;][vc_column_text]<a href=\"http:\/\/saito-koifutter.de\/\"><img decoding=\"async\" class=\"alignleft size-full wp-image-1406 lazyload\" data-src=\"https:\/\/rheinmainkoi.de\/nord\/wp-content\/uploads\/sites\/2\/2016\/06\/SAITO-Color-banner-4.jpg\" alt=\"Layout 1\" width=\"630\" height=\"300\" data-srcset=\"https:\/\/old.dainichi-europe.de\/wp-content\/uploads\/sites\/2\/2016\/06\/SAITO-Color-banner-4.jpg 630w, https:\/\/old.dainichi-europe.de\/wp-content\/uploads\/sites\/2\/2016\/06\/SAITO-Color-banner-4-300x143.jpg 300w, https:\/\/old.dainichi-europe.de\/wp-content\/uploads\/sites\/2\/2016\/06\/SAITO-Color-banner-4-330x157.jpg 330w\" data-sizes=\"(max-width: 630px) 100vw, 630px\" src=\"data:image\/svg+xml;base64,PHN2ZyB3aWR0aD0iMSIgaGVpZ2h0PSIxIiB4bWxucz0iaHR0cDovL3d3dy53My5vcmcvMjAwMC9zdmciPjwvc3ZnPg==\" style=\"--smush-placeholder-width: 630px; --smush-placeholder-aspect-ratio: 630\/300;\" \/><\/a>[\/vc_column_text][vc_video title=&#8221;Nogami harvest 2012&#8243; link=&#8221;https:\/\/www.youtube.com\/watch?v=qOo3Hd5YnCM&#8221;][vc_facebook][vc_column_text]<a href=\"http:\/\/saito-koifutter.de\/\"><img decoding=\"async\" class=\"alignleft size-full wp-image-1412 lazyload\" data-src=\"https:\/\/rheinmainkoi.de\/nord\/wp-content\/uploads\/sites\/2\/2016\/05\/SAITO-EnergyCS-2kg-Banner.jpg\" alt=\"Layout 1\" width=\"630\" height=\"310\" data-srcset=\"https:\/\/old.dainichi-europe.de\/wp-content\/uploads\/sites\/2\/2016\/05\/SAITO-EnergyCS-2kg-Banner.jpg 630w, https:\/\/old.dainichi-europe.de\/wp-content\/uploads\/sites\/2\/2016\/05\/SAITO-EnergyCS-2kg-Banner-300x148.jpg 300w, https:\/\/old.dainichi-europe.de\/wp-content\/uploads\/sites\/2\/2016\/05\/SAITO-EnergyCS-2kg-Banner-330x162.jpg 330w\" data-sizes=\"(max-width: 630px) 100vw, 630px\" src=\"data:image\/svg+xml;base64,PHN2ZyB3aWR0aD0iMSIgaGVpZ2h0PSIxIiB4bWxucz0iaHR0cDovL3d3dy53My5vcmcvMjAwMC9zdmciPjwvc3ZnPg==\" style=\"--smush-placeholder-width: 630px; --smush-placeholder-aspect-ratio: 630\/310;\" \/><\/a>[\/vc_column_text][\/vc_column][\/vc_row]\n","protected":false},"excerpt":{"rendered":"<p>[vc_row][vc_column width=&#8221;1\/2&#8243;][vc_custom_heading text=&#8221;Nogami Koi Farm&#8221; font_container=&#8221;tag:h1|text_align:left&#8221; use_theme_fonts=&#8221;yes&#8221;][vc_custom_heading text=&#8221;Nogami Koi Farm, Ojiya, Niigata&#8221; use_theme_fonts=&#8221;yes&#8221;][vc_column_text] Die Familie Hisato, Inhaberin der Nogami Koi Farm, ist nahe verwandt mit den Besitzern der Dainichi Koi Farm. Die Mutter von Nogami war die Schwester des ber\u00fchmten Minoru Mano von Dainichi. In der Zeit als Dainichi begann Koi zu z\u00fcchten, hatte er [&hellip;]<\/p>\n","protected":false},"author":5437,"featured_media":240,"parent":11,"menu_order":0,"comment_status":"closed","ping_status":"closed","template":"","meta":{"footnotes":""},"class_list":["post-212","page","type-page","status-publish","has-post-thumbnail","hentry"],"translation":{"provider":"WPGlobus","version":"3.0.2","language":"en","enabled_languages":["de","en"],"languages":{"de":{"title":true,"content":true,"excerpt":false},"en":{"title":false,"content":false,"excerpt":false}}},"_links":{"self":[{"href":"https:\/\/old.dainichi-europe.de\/en\/wp-json\/wp\/v2\/pages\/212","targetHints":{"allow":["GET"]}}],"collection":[{"href":"https:\/\/old.dainichi-europe.de\/en\/wp-json\/wp\/v2\/pages"}],"about":[{"href":"https:\/\/old.dainichi-europe.de\/en\/wp-json\/wp\/v2\/types\/page"}],"author":[{"embeddable":true,"href":"https:\/\/old.dainichi-europe.de\/en\/wp-json\/wp\/v2\/users\/5437"}],"replies":[{"embeddable":true,"href":"https:\/\/old.dainichi-europe.de\/en\/wp-json\/wp\/v2\/comments?post=212"}],"version-history":[{"count":4,"href":"https:\/\/old.dainichi-europe.de\/en\/wp-json\/wp\/v2\/pages\/212\/revisions"}],"predecessor-version":[{"id":25278,"href":"https:\/\/old.dainichi-europe.de\/en\/wp-json\/wp\/v2\/pages\/212\/revisions\/25278"}],"up":[{"embeddable":true,"href":"https:\/\/old.dainichi-europe.de\/en\/wp-json\/wp\/v2\/pages\/11"}],"wp:featuredmedia":[{"embeddable":true,"href":"https:\/\/old.dainichi-europe.de\/en\/wp-json\/wp\/v2\/media\/240"}],"wp:attachment":[{"href":"https:\/\/old.dainichi-europe.de\/en\/wp-json\/wp\/v2\/media?parent=212"}],"curies":[{"name":"wp","href":"https:\/\/api.w.org\/{rel}","templated":true}]}}