{"id":216,"date":"2016-05-25T11:52:03","date_gmt":"2016-05-25T09:52:03","guid":{"rendered":"http:\/\/p235625.webspaceconfig.de\/wordpress\/?page_id=216"},"modified":"2020-09-16T20:14:40","modified_gmt":"2020-09-16T18:14:40","slug":"marudo-koi-farm","status":"publish","type":"page","link":"https:\/\/old.dainichi-europe.de\/en\/koi-farmen\/marudo-koi-farm\/","title":{"rendered":"Marudo Koi Farm"},"content":{"rendered":"[vc_row][vc_column width=&#8221;1\/2&#8243;][vc_custom_heading text=&#8221;Marudo&#8221; font_container=&#8221;tag:h1|text_align:left&#8221; use_theme_fonts=&#8221;yes&#8221;][vc_custom_heading text=&#8221;Marudo Koi Farm&#8221; use_theme_fonts=&#8221;yes&#8221;][vc_column_text]\n<p align=\"LEFT\"><img decoding=\"async\" class=\"alignleft size-full wp-image-1431 lazyload\" data-src=\"https:\/\/rheinmainkoi.de\/nord\/wp-content\/uploads\/sites\/2\/2016\/05\/Marudo2.jpg\" alt=\"Marudo2\" width=\"150\" height=\"170\" src=\"data:image\/svg+xml;base64,PHN2ZyB3aWR0aD0iMSIgaGVpZ2h0PSIxIiB4bWxucz0iaHR0cDovL3d3dy53My5vcmcvMjAwMC9zdmciPjwvc3ZnPg==\" style=\"--smush-placeholder-width: 150px; --smush-placeholder-aspect-ratio: 150\/170;\" \/><img decoding=\"async\" class=\"alignleft size-full wp-image-1432 lazyload\" data-src=\"https:\/\/rheinmainkoi.de\/nord\/wp-content\/uploads\/sites\/2\/2016\/05\/Marudo1.jpg\" alt=\"Marudo1\" width=\"152\" height=\"170\" src=\"data:image\/svg+xml;base64,PHN2ZyB3aWR0aD0iMSIgaGVpZ2h0PSIxIiB4bWxucz0iaHR0cDovL3d3dy53My5vcmcvMjAwMC9zdmciPjwvc3ZnPg==\" style=\"--smush-placeholder-width: 152px; --smush-placeholder-aspect-ratio: 152\/170;\" \/>Kazutoshi Hirasawa, der Vater des heutigen Inhabers der Marudo Koi Farm, war von Beruf Arbeiter. Er erbaute in einem Trupp von vier bis f\u00fcnf Mann Koi Teiche f\u00fcr die Dainichi Koi Farm. Die Teiche wurden in den lehm- und steinhaltigen Boden der Niigata Bergh\u00e4nge gegraben. Ihre Ausdehnung betr\u00e4gt pro Teich 400 bis 600 Quadratmeter. Der Bautrupp brauchte in Handarbeit drei bis vier Wochen f\u00fcr einen Teich. Herr Hirasawa war der Arbeiter, welcher die R\u00fcttelplatte bediente, die anderen waren mit Schippe und Spitzhacke ausger\u00fcstet. 1965 begann Kazutoshi Hirasawa mit der Zucht von Sadazo Sanke im Nebenerwerb. 1971 er\u00f6ffnete er im Alter von 33 Jahren seine eigene Farm. Auch sein Sohn, Hisashi Hirasawa, stand bereits mit f\u00fcnfzehn Jahren in Diensten der Dainichi Koi Farm.<\/p>\n[\/vc_column_text][vc_gallery interval=&#8221;3&#8243; images=&#8221;1116,1117,1118,1119,1120,1115,1114,1113,1112,1111&#8243; img_size=&#8221;large&#8221;][vc_column_text]Direkt nach Abschluss der Junior Highschool begann er seine Lehre bei Dainichi. Hisashi war lange Jahre die rechte Hand von Minoru Mano (Dainichi). Minoru Mano hatte es sich zur Aufgabe gemacht nicht nur sehr gute Koi zu z\u00fcchten, sondern auch sehr gute Koi Z\u00fcchter auszubilden und auch ihre Selbstst\u00e4ndigkeit zu f\u00f6rdern. F\u00fcr immer auf der Farm halten wollte er keinen auch noch so guten Sch\u00fcler. Hisashis Vater war mit Minoru Mano sehr gut befreundet. Er z\u00fcchtete zu dieser Zeit nur mit Dainichi Elterntieren. Hisashi z\u00fcchtet heute zu 70 Prozent mit Dainichi Blut. Auch seine alten, in die Jahre gekommenen Zuchttiere bewahrt er auf der Farm auf, um die Geschichte der Marudo Koi Farm zu pflegen. Diese Philosophie teilt auch ein weiterer Dainichi Sch\u00fcler mit ihm &#8211; Nogami Hisato. Von den beiden S\u00f6hnen Hisashis arbeitet der \u00e4ltere im v\u00e4terlichen Betrieb mit. Auch er hat seine Lehre bei seinem Vater begonnen und der Schule fr\u00fch den R\u00fccken gekehrt. Der Vater kritisiert, dass sein Sohn heute sehr sorglos mit dem Platzangebot der sieben Gew\u00e4chsh\u00e4user umgeht. Hisashi musste mit dem ihm zur Verf\u00fcgung stehenden Platz wirtschaften. Er musste genau \u00fcberlegen mit welchen Koi er die Becken besetzt und von welchen er sich besser trennt. Sein Sohn soll heute die Koi aufkaufen mit denen er die Becken besetzt nur so kann der Sohn lernen wie wertvoll Platz und Wasser in einem Fischhaus sind. Der j\u00fcngere Sohn studiert in Tokyo. Mit 18 Jahre hat man ihn vor die Wahl gestellt eine Lehre bei einem Koi H\u00e4ndler in Amerika zu beginnen oder auf die Universit\u00e4t zu gehen. Er w\u00e4hlte das College. Die erstgeborene Tochter ist aus meiner Sicht &#8211; im positiven Sinne- die ungew\u00f6hnlichste Person auf der Marudo Koi Farm. Der Zusammenhalt und der unkomplizierte Umgang miteinander ist f\u00fcr die, von M\u00e4nnern dominierte, japanische Welt sehr ungew\u00f6hnlich. Tochter und Frau Hirasawa arbeiten auf der Farm mit, stehen ihren Mann und sind auch genauso anerkannt als w\u00e4ren sie einer. Die Tochter mit ihrer breiten, m\u00e4nnlichen Erscheinung schl\u00e4gt ganz nach ihrem Vater. In jeder Hinsicht. W\u00e4hrend Hisashi jedoch einer der wenigen Japaner ist, der nicht raucht, pflegt seine Tochter auch diese M\u00e4nnerdom\u00e4ne. Gekleidet wie ein Bauarbeiter, mit Latzhose und T-Shirt, begegnete ich ihr schon beim Betonieren der Fischh\u00e4user beim Abfischen mit Zugnetz oder beim Beladen der LKW.[\/vc_column_text][vc_column_text]<a href=\"http:\/\/saito-koifutter.de\/\"><img decoding=\"async\" class=\"alignleft size-large wp-image-1398 lazyload\" data-src=\"http:\/\/www.rheinmainkoi.de\/wp-content\/uploads\/2016\/05\/Saito-Banner08-590x320.jpg\" alt=\"Layout 1\" width=\"590\" height=\"320\" src=\"data:image\/svg+xml;base64,PHN2ZyB3aWR0aD0iMSIgaGVpZ2h0PSIxIiB4bWxucz0iaHR0cDovL3d3dy53My5vcmcvMjAwMC9zdmciPjwvc3ZnPg==\" style=\"--smush-placeholder-width: 590px; --smush-placeholder-aspect-ratio: 590\/320;\" \/><\/a>Die Kippe war immer dort, wo sie in Japan bei jeder Art von Arbeit hingeh\u00f6rt: N\u00e4mlich im Mund. Die Familie hofft, dass die Tochter auch nach einer eventuellen Hochzeit der Familie erhalten bleibt, und die elterliche Familie nicht verl\u00e4sst. Die 200.000 Quadratmeter teilen sich auf in zirka 30 Teiche. Nach langem Nachdenken, unter Zuhilfenahme der Finger und nach R\u00fccksprache mit seiner Frau meint er dann: Ja, es m\u00fcssen so zirka 30 sein. Durch das Erdbeben im Oktober 2004 verlor auch er wichtige Zuchtfische. Von seinem Gesamtbestand waren jedoch nur 10 Prozent betroffen. Das Haus der Familie in den Bergen wurde dabei komplett zerst\u00f6rt. Hisashi wird sein neues Haus bei seinen neuen Gew\u00e4chsh\u00e4usern unten im Tal errichten. Nach dem Erdbeben, bei dem er sich den Arm in N\u00e4he des Handgelenkes brach, sitzt der Schock und die Angst zu tief. In Japan nimmt man das Leben so wie es kommt. Die Menschen arbeiten immer weiter, mit einer zu beneidenden Gelassenheit. Doch dieses Beben hat beeindruckt zutiefst beeindruckt. Das immerw\u00e4hrende L\u00e4cheln und die fast kindliche Ausgelassenheit weicht aus den Gesichtern der Menschen, wenn man sie auf das Erdbeben anspricht.[\/vc_column_text][vc_gallery interval=&#8221;3&#8243; images=&#8221;1126,1127,1128,1129,1121,1122,1123,1124,1125,1130&#8243; img_size=&#8221;large&#8221;][vc_column_text]\n<p align=\"LEFT\">Die Marudo Koi Farm hat es heute zur drittgr\u00f6\u00dften Farm in Niigata gebracht. Nur Dainichi und Marusei sind noch gr\u00f6\u00dfer. In der Brutsaison werden 30 bis 40 Verpaarungen angesetzt. Man z\u00fcchtet mit<br \/>\n5 Paaren Kohaku<br \/>\n5 Paaren Sanke<br \/>\n7 Paaren Showa.<br \/>\nDer Rest teilt sich in Yamabuki, Asagi, Chagoi, Kujaku, Kumonryu und<br \/>\nGinrin Kohaku auf.<br \/>\nMan produziert<br \/>\n&gt; 50 bis 70.000 Tosai<br \/>\n&gt; 5.000 Nisai<br \/>\n&gt; 200 Sansai<\/p>\n[\/vc_column_text][\/vc_column][vc_column width=&#8221;1\/2&#8243;][vc_video title=&#8221;Marudo Koi Farm&#8221; link=&#8221;https:\/\/www.youtube.com\/watch?v=_IVpQ_wboJ8&#8243;][vc_video title=&#8221;Marudo Yonsai harvest&#8221; link=&#8221;https:\/\/www.youtube.com\/watch?v=nZff8mJZ1zo&#8221;][vc_video title=&#8221;Marudo Sansai harvest&#8221; link=&#8221;https:\/\/www.youtube.com\/watch?v=WB90EIZqW_A&#8221;][vc_facebook][vc_column_text]<a href=\"http:\/\/saito-koifutter.de\/\"><img decoding=\"async\" class=\"alignleft size-full wp-image-1406 lazyload\" data-src=\"https:\/\/rheinmainkoi.de\/nord\/wp-content\/uploads\/sites\/2\/2016\/06\/SAITO-Color-banner-4.jpg\" alt=\"Layout 1\" width=\"630\" height=\"300\" data-srcset=\"https:\/\/old.dainichi-europe.de\/wp-content\/uploads\/sites\/2\/2016\/06\/SAITO-Color-banner-4.jpg 630w, https:\/\/old.dainichi-europe.de\/wp-content\/uploads\/sites\/2\/2016\/06\/SAITO-Color-banner-4-300x143.jpg 300w, https:\/\/old.dainichi-europe.de\/wp-content\/uploads\/sites\/2\/2016\/06\/SAITO-Color-banner-4-330x157.jpg 330w\" data-sizes=\"(max-width: 630px) 100vw, 630px\" src=\"data:image\/svg+xml;base64,PHN2ZyB3aWR0aD0iMSIgaGVpZ2h0PSIxIiB4bWxucz0iaHR0cDovL3d3dy53My5vcmcvMjAwMC9zdmciPjwvc3ZnPg==\" style=\"--smush-placeholder-width: 630px; --smush-placeholder-aspect-ratio: 630\/300;\" \/><\/a>[\/vc_column_text][\/vc_column][\/vc_row]\n","protected":false},"excerpt":{"rendered":"<p>[vc_row][vc_column width=&#8221;1\/2&#8243;][vc_custom_heading text=&#8221;Marudo&#8221; font_container=&#8221;tag:h1|text_align:left&#8221; use_theme_fonts=&#8221;yes&#8221;][vc_custom_heading text=&#8221;Marudo Koi Farm&#8221; use_theme_fonts=&#8221;yes&#8221;][vc_column_text] Kazutoshi Hirasawa, der Vater des heutigen Inhabers der Marudo Koi Farm, war von Beruf Arbeiter. Er erbaute in einem Trupp von vier bis f\u00fcnf Mann Koi Teiche f\u00fcr die Dainichi Koi Farm. Die Teiche wurden in den lehm- und steinhaltigen Boden der Niigata Bergh\u00e4nge gegraben. Ihre [&hellip;]<\/p>\n","protected":false},"author":5437,"featured_media":231,"parent":11,"menu_order":0,"comment_status":"closed","ping_status":"closed","template":"","meta":{"footnotes":""},"class_list":["post-216","page","type-page","status-publish","has-post-thumbnail","hentry"],"translation":{"provider":"WPGlobus","version":"3.0.2","language":"en","enabled_languages":["de","en"],"languages":{"de":{"title":true,"content":true,"excerpt":false},"en":{"title":false,"content":false,"excerpt":false}}},"_links":{"self":[{"href":"https:\/\/old.dainichi-europe.de\/en\/wp-json\/wp\/v2\/pages\/216","targetHints":{"allow":["GET"]}}],"collection":[{"href":"https:\/\/old.dainichi-europe.de\/en\/wp-json\/wp\/v2\/pages"}],"about":[{"href":"https:\/\/old.dainichi-europe.de\/en\/wp-json\/wp\/v2\/types\/page"}],"author":[{"embeddable":true,"href":"https:\/\/old.dainichi-europe.de\/en\/wp-json\/wp\/v2\/users\/5437"}],"replies":[{"embeddable":true,"href":"https:\/\/old.dainichi-europe.de\/en\/wp-json\/wp\/v2\/comments?post=216"}],"version-history":[{"count":5,"href":"https:\/\/old.dainichi-europe.de\/en\/wp-json\/wp\/v2\/pages\/216\/revisions"}],"predecessor-version":[{"id":25275,"href":"https:\/\/old.dainichi-europe.de\/en\/wp-json\/wp\/v2\/pages\/216\/revisions\/25275"}],"up":[{"embeddable":true,"href":"https:\/\/old.dainichi-europe.de\/en\/wp-json\/wp\/v2\/pages\/11"}],"wp:featuredmedia":[{"embeddable":true,"href":"https:\/\/old.dainichi-europe.de\/en\/wp-json\/wp\/v2\/media\/231"}],"wp:attachment":[{"href":"https:\/\/old.dainichi-europe.de\/en\/wp-json\/wp\/v2\/media?parent=216"}],"curies":[{"name":"wp","href":"https:\/\/api.w.org\/{rel}","templated":true}]}}