{"id":5,"date":"2016-04-01T11:29:10","date_gmt":"2016-04-01T09:29:10","guid":{"rendered":"http:\/\/p235625.webspaceconfig.de\/wordpress\/?page_id=5"},"modified":"2025-07-26T08:33:59","modified_gmt":"2025-07-26T06:33:59","slug":"home","status":"publish","type":"page","link":"https:\/\/old.dainichi-europe.de\/en\/","title":{"rendered":"Home"},"content":{"rendered":"[vc_row][vc_column][mk_fancy_title font_family=&#8221;none&#8221; animation=&#8221;left-to-right&#8221; visibility=&#8221;hidden-sm&#8221; el_class=&#8221;headeranim&#8221; drop_shadow=&#8221;true&#8221; shadow_distance=&#8221;5&#8243; shadow_blur=&#8221;3&#8243; shadow_color=&#8221;#000000&#8243;]<span style=\"color: #ffffff;\">Ihr kompetenter Partner in Sachen Koi und Koipflege<\/span>[\/mk_fancy_title][\/vc_column][\/vc_row][vc_row][vc_column visibility=&#8221;visible-sm&#8221;][vc_single_image image=&#8221;24102&#8243; img_size=&#8221;full&#8221; alignment=&#8221;center&#8221;][\/vc_column][\/vc_row][vc_row][vc_column visibility=&#8221;hidden-sm&#8221;][vc_single_image image=&#8221;65555&#8243; img_size=&#8221;full&#8221;][\/vc_column][\/vc_row][vc_row css=&#8221;.vc_custom_1582919967830{background-position: center !important;background-repeat: no-repeat !important;background-size: cover !important;}&#8221; el_class=&#8221;startHeader&#8221;][vc_column width=&#8221;1\/2&#8243;][vc_column_text css=&#8221;.vc_custom_1673967343427{margin-bottom: 0px !important;}&#8221;]Herr Harald Bachmann, Gesch\u00e4ftsf\u00fchrer der Dainichi Europe GmbH, ist seit 28 Jahren hauptberuflich im Koi Gesch\u00e4ft erfolgreich t\u00e4tig. Seit zehn Jahren arbeitet er auch f\u00fcr die Dainichi Koi Farm und repr\u00e4sentiert diese in Europa.<br \/>\nMangels Zeit k\u00f6nnen wir leider keine festen \u00d6ffnungszeiten anbieten. Bei Interesse an Nisai oder \u00e4lteren Tieren informieren Sie sich bitte \u00fcber diese Homepage und vereinbaren <u>dann<\/u> einen Besuchstermin.<\/p>\n<p>\u00d6ffentlich ist die Anlage nicht zug\u00e4nglich.<\/p>\n<p>Es k\u00f6nnen keine Tosai oder Jumbo Tosai selektiert oder ausgesucht werden. Wir w\u00fcrden das Wachstum unserer Tiere zu sehr st\u00f6ren, w\u00fcrden wir t\u00e4glich f\u00fcr Kundschaft die Teiche abfischen und durchsuchen. Auch k\u00f6nnten wir dann keine Auktionsfische anbieten oder ein gutes Wachstumsergebnis generieren.<\/p>\n<p>Bitte haben Sie daf\u00fcr Verst\u00e4ndnis.[\/vc_column_text][vc_custom_heading text=&#8221;&#8221; font_container=&#8221;tag:h3|text_align:left&#8221; use_theme_fonts=&#8221;yes&#8221;][vc_column_text]Die Dainichi Koi Farm Europe liegt inmitten der Mecklenburgischen Seenplatte. Nur ca. 160 km von Berlin und 220 km von Hamburg entfernt, s\u00fcdlich von Rostock (60 km). Von der Abfahrt Malchow der A19 betr\u00e4gt die Fahrzeit zu uns lediglich 5 Minuten![\/vc_column_text][vc_column_text]Anschrift:<\/p>\n<p>Dainichi Europe GmbH<br \/>\nAchter de Isenbahn 2<br \/>\n17214 Alt Schwerin[\/vc_column_text][\/vc_column][vc_column width=&#8221;1\/2&#8243;][vc_column_text css=&#8221;.vc_custom_1673967350915{margin-bottom: 0px !important;}&#8221;]Wir nutzen die Gr\u00f6\u00dfe der Anlage um extrem gute Koi aufzuziehen. In der Produktbeschreibung unserer Tiere finden Sie meist deren gesamte Entwicklung dokumentiert. Wir ziehen diese Fische auf, auch um einen Beitrag zum Klimaschutz zu leisten. Unsere Fische werden nicht in ihrer Endgr\u00f6\u00dfe aus Japan via Luftfracht transportiert. Hierbei w\u00fcrden Gewichte von bis zu 60Kg f\u00fcr Fisch und Wasser entstehen, die einen durchaus beachtlichen CO2 Abdruck hinterlie\u00dfen. Wir bekommen unsere Fische in Tosai Gr\u00f6\u00dfe aufgrund ihrer Qualit\u00e4t meist nur 20 Tiere pro Box mit ca. 30Kg. Somit etwa 1,5Kg Luftfracht pro Tier. Die Anlage in Alt Schwerin ist mit einer umfassenden Solaranlage und einem Blockheizkraftwerk ausgestattet, so dass wir unsern Strom in weiten Teilen selbst herstellen. Die W\u00e4rme, welche wir f\u00fcr die Jumboaufzucht unserer Tosai ben\u00f6tigen, f\u00e4llt hierbei als eine Art hochwertiges Nebenprodukt ab.[\/vc_column_text][\/vc_column][\/vc_row][vc_row][vc_column][vc_empty_space height=&#8221;2vw&#8221;][\/vc_column][\/vc_row][vc_row][vc_column][vc_btn title=&#8221;Mehr interessante Beitr\u00e4ge&#8221; align=&#8221;left&#8221; link=&#8221;url:https%3A%2F%2Fold.dainichi-europe.de%2Faktuelles%2F||&#8221;][\/vc_column][\/vc_row][vc_row][vc_column][vc_column_text]<div class=\"woocommerce\"><ul class=\"products columns-\">\n<\/ul>\n<\/div>[\/vc_column_text][vc_btn title=&#8221;Alle Auktionen&#8221; align=&#8221;left&#8221; i_icon_fontawesome=&#8221;&#8221; add_icon=&#8221;true&#8221; link=&#8221;url:https%3A%2F%2Fold.dainichi-europe.de%2Fauktionen%2F||&#8221;][vc_facebook el_id=&#8221;https:\/\/www.facebook.com\/profile.php?id=100063472553757&#8243; el_class=&#8221;DainichiEurope&#8221;][\/vc_column][\/vc_row]\n","protected":false},"excerpt":{"rendered":"<p>[vc_row][vc_column][mk_fancy_title font_family=&#8221;none&#8221; animation=&#8221;left-to-right&#8221; visibility=&#8221;hidden-sm&#8221; el_class=&#8221;headeranim&#8221; drop_shadow=&#8221;true&#8221; shadow_distance=&#8221;5&#8243; shadow_blur=&#8221;3&#8243; shadow_color=&#8221;#000000&#8243;]Ihr kompetenter Partner in Sachen Koi und Koipflege[\/mk_fancy_title][\/vc_column][\/vc_row][vc_row][vc_column visibility=&#8221;visible-sm&#8221;][vc_single_image image=&#8221;24102&#8243; img_size=&#8221;full&#8221; alignment=&#8221;center&#8221;][\/vc_column][\/vc_row][vc_row][vc_column visibility=&#8221;hidden-sm&#8221;][vc_single_image image=&#8221;65555&#8243; img_size=&#8221;full&#8221;][\/vc_column][\/vc_row][vc_row css=&#8221;.vc_custom_1582919967830{background-position: center !important;background-repeat: no-repeat !important;background-size: cover !important;}&#8221; el_class=&#8221;startHeader&#8221;][vc_column width=&#8221;1\/2&#8243;][vc_column_text css=&#8221;.vc_custom_1673967343427{margin-bottom: 0px !important;}&#8221;]Herr Harald Bachmann, Gesch\u00e4ftsf\u00fchrer der Dainichi Europe GmbH, ist seit 28 Jahren hauptberuflich im Koi Gesch\u00e4ft erfolgreich t\u00e4tig. Seit zehn Jahren [&hellip;]<\/p>\n","protected":false},"author":5437,"featured_media":0,"parent":0,"menu_order":0,"comment_status":"open","ping_status":"open","template":"","meta":{"footnotes":""},"class_list":["post-5","page","type-page","status-publish","hentry"],"translation":{"provider":"WPGlobus","version":"3.0.2","language":"en","enabled_languages":["de","en"],"languages":{"de":{"title":true,"content":true,"excerpt":false},"en":{"title":false,"content":false,"excerpt":false}}},"_links":{"self":[{"href":"https:\/\/old.dainichi-europe.de\/en\/wp-json\/wp\/v2\/pages\/5","targetHints":{"allow":["GET"]}}],"collection":[{"href":"https:\/\/old.dainichi-europe.de\/en\/wp-json\/wp\/v2\/pages"}],"about":[{"href":"https:\/\/old.dainichi-europe.de\/en\/wp-json\/wp\/v2\/types\/page"}],"author":[{"embeddable":true,"href":"https:\/\/old.dainichi-europe.de\/en\/wp-json\/wp\/v2\/users\/5437"}],"replies":[{"embeddable":true,"href":"https:\/\/old.dainichi-europe.de\/en\/wp-json\/wp\/v2\/comments?post=5"}],"version-history":[{"count":156,"href":"https:\/\/old.dainichi-europe.de\/en\/wp-json\/wp\/v2\/pages\/5\/revisions"}],"predecessor-version":[{"id":65554,"href":"https:\/\/old.dainichi-europe.de\/en\/wp-json\/wp\/v2\/pages\/5\/revisions\/65554"}],"wp:attachment":[{"href":"https:\/\/old.dainichi-europe.de\/en\/wp-json\/wp\/v2\/media?parent=5"}],"curies":[{"name":"wp","href":"https:\/\/api.w.org\/{rel}","templated":true}]}}