{"id":8121,"date":"2019-03-13T17:22:02","date_gmt":"2019-03-13T16:22:02","guid":{"rendered":"https:\/\/dainichi-koifarm.de\/?page_id=8121"},"modified":"2025-07-25T14:04:25","modified_gmt":"2025-07-25T12:04:25","slug":"auktionen-infos","status":"publish","type":"page","link":"https:\/\/old.dainichi-europe.de\/en\/auktionen-infos\/","title":{"rendered":"Auktionen  Infos"},"content":{"rendered":"[vc_row][vc_column][mk_fancy_title font_family=&#8221;none&#8221; animation=&#8221;left-to-right&#8221; el_class=&#8221;headeranim&#8221; drop_shadow=&#8221;true&#8221; shadow_distance=&#8221;4&#8243; shadow_blur=&#8221;5&#8243; shadow_color=&#8221;#000000&#8243;]<span style=\"color: #ffffff;\">Koi Auktionen &#8211; Infos<\/span>[\/mk_fancy_title][\/vc_column][\/vc_row][vc_row][vc_column visibility=&#8221;hidden-sm&#8221;][vc_single_image image=&#8221;27974&#8243; img_size=&#8221;full&#8221;][\/vc_column][\/vc_row][vc_row][vc_column visibility=&#8221;visible-sm&#8221;][vc_single_image image=&#8221;27810&#8243; img_size=&#8221;full&#8221;][\/vc_column][\/vc_row][vc_row][vc_column][vc_column_text title=&#8221;Koi Auktionen&#8221; css=&#8221;.vc_custom_1606921643535{margin-bottom: 0px !important;}&#8221;]\n<h2>&#8230;.die besondere Art Koi zu kaufen!<\/h2>\n<p>Bieten Sie f\u00fcr Ihren Lieblings-Koi in unseren beliebten Koi-Auktionen. Ersteigern Sie bei uns insbesondere Showa, Kohaku, Sanke, Ochiba, Soragoi, Chagoi, Karashigoi sowie Metallic Varianten in gro\u00dfer Auswahl zu einem hervorragenden Preis-Leistungsverh\u00e4ltnis. Durch unsere guten Beziehungen k\u00f6nnen wir Ihnen auch die sehr stark nachgefragten Dainichi Black Diamond anbieten. \u00dcberzeugen Sie sich von der Qualit\u00e4t der angebotenen Tiere in unseren Videos. Zu jedem Fisch geben wir im Audio Kommentar eine ausf\u00fchrliche Einsch\u00e4tzung zur Qualit\u00e4t des Tieres. Wir geben einen \u00dcberblick \u00fcber die St\u00e4rken und Schw\u00e4chen des angebotenen Kois und einen Ausblick hinsichtlich seines Entwicklungspotentials. Haralds n\u00fcchterne und ehrliche Art der Bewertung bei den Audio Kommentaren hat mittlerweile schon einen gewissen Kultstatus erlangt. Sie finden in unseren regelm\u00e4\u00dfigen Auktionen alle beliebten Koi Arten. Wir bieten neben Tosai, Nisai, Sansai und Yonsai auch die beliebten Jumbo Tosai an. Dabei handelt es sich um besonders gro\u00dfe einj\u00e4hrige Koi Fische.[\/vc_column_text][vc_column_text]<strong>So verl\u00e4uft die Auktion:<\/strong><\/p>\n<p>Unsere Versteigerungen sind an jene, in richtigen Auktionsh\u00e4usern stattfindende, Auktionen angelehnt. Das bedeutet, dass es auch hier immer die M\u00f6glichkeit gibt, ein h\u00f6heres Gebot als das aktuelle abzugeben. Dazu verl\u00e4ngert sich die Zeit bis zum tats\u00e4chlichen Ende der Auktion jeweils um 2 Minuten, sobald die Restlaufzeit unter 2 Minuten gelangt und ein neues Gebot abgegeben wird. Dies ist so lange m\u00f6glich, bis kein Bieter mehr ein h\u00f6heres Gebot als der H\u00f6chstbietende abgeben m\u00f6chte. Bitte verwechseln Sie dies nicht mit den Auktionen, die Sie von Ebay kennen.[\/vc_column_text][vc_text_separator title=&#8221;TRANSPORTKOSTEN AB 01.07.2025&#8243; color=&#8221;violet&#8221;][vc_column_text css=&#8221;.vc_custom_1753445064472{margin-bottom: 0px !important;}&#8221;]<strong>Versandkosten ab 01.07.2025<\/strong><\/p>\n<p>Innerhalb Deutschlands pro Box:<\/p>\n<p>1 Tier bis max. 39cm bzw 2 Tiere bis max. 20cm: <strong>\u20ac 55,<\/strong>&#8211; \/\/ 1 Tier bis 70cm bzw. 2 gro\u00dfe -4 kleinere Jumbo Tosai\u00a0 zusammen: \u20ac 89<strong>,-<\/strong> \/\/ Tiere 71-80cm: <strong>\u20ac 125,- \/\/ Tiere ab 81cm AUF ANFRAGE <\/strong><\/p>\n<p><strong>\u00d6sterreich<\/strong> pro Box:<\/p>\n<p>1 Tier bis max. 39cm: <strong>\u20ac 65,-<\/strong> \/\/ 1 Tier bis 70cm bzw. 2 gro\u00dfe -4 kleinere Jumbo Tosai zusammen: <strong>\u20ac 95,-<\/strong> \/\/ Tiere ab 71-80cm: <strong>\u20ac 145,- \/\/ Tiere ab 81cm AUF ANFRAGE<\/strong><\/p>\n<p>Wo es m\u00f6glich ist, werden wir Fische zusammen verpacken. Da jedoch das Wohl der Koi an erster Stelle steht, m\u00f6chten wir Sie bitten unserer Einsch\u00e4tzung bzgl. der Anzahl der ben\u00f6tigten Boxen zu vertrauen.<\/p>\n<p>Der Versand erfolgt nach Absprache mit einer Zustellung Dienstag bis Freitag bis 12 Uhr (Deutschland), bzw. zwischen 10 und 16 Uhr (au\u00dferhalb Deutschlands). Innerhalb Deutschlands ist auch eine Samstagszustellung gegen einen Aufschlag m\u00f6glich. F\u00fcr \u00d6sterreich k\u00f6nnen wir das leider nicht anbieten. F\u00fcr\u00a0 Fragen oder zur Terminabsprache kontaktieren Sie uns bitte telefonisch unter 0151-20218388.<\/p>\n<p>&nbsp;<\/p>\n<p>Belgium, Denmark, France, Luxembourg, Netherlands:<\/p>\n<p>If you have the possibility to travel across the German boarder and pick up the koi at a GO! Express &amp; Logistics station (or a friend of yours), shipping costs within Germany apply.<\/p>\n<p>if shipping to your doors is required:<\/p>\n<p>1 koi up to 39cm: \u20ac 155,- \/ 1 koi up to 70cm OR 2 -4 Jumbo Tosai (depending on size) together in 1 box \u20ac 295,- \/ 1 koi 71-80cm: \u20ac 395,-<\/p>\n<p>&nbsp;<\/p>\n<p>Italy (not all areas are possible, please check with us), Portugal, Spain:<\/p>\n<p>1 koi up to 39cm: \u20ac 195,- \/ 1 koi up to 70cm OR 2 -4 Jumbo Tosai (depending on size) together in 1 box \u20ac 395,- \/ 1 koi 71-80cm: \u20ac 575,-[\/vc_column_text][\/vc_column][\/vc_row][vc_row][vc_column][vc_empty_space][\/vc_column][\/vc_row][vc_row][vc_column][vc_column_text css=&#8221;.vc_custom_1661416098721{margin-bottom: 0px !important;}&#8221;]Nach erfolgreichem Import aus Japan werden die Auktionstiere in der Anlage Pfungstadt einer gr\u00fcndlichen Quarant\u00e4ne unterzogen und w\u00e4hrend dieser Zeit von der Tier\u00e4rztin Frau Dr. Anne Christine Schleicher betreut und \u00fcberwacht. Frau Dr. Schleicher betreut ganzj\u00e4hrig die komplette Anlage und zertifiziert den Gesundheitszustand der Bestandsfische und der H\u00e4lterung in regelm\u00e4\u00dfigen Abst\u00e4nden. Es kann dadurch ein bestm\u00f6glicher Gesundheitszustand gew\u00e4hrleistet und dokumentiert werden. Hier finden Sie die entsprechenden Zertifikate f\u00fcr\u00a0 <a href=\"https:\/\/www.dainichi-koifarm.de\/?page_id=13030&amp;preview=true\">Alt Schwerin<\/a><\/p>\n<p>Die Anlage Mecklenburg verf\u00fcgt zur Zeit \u00fcber 15 getrennte Wasserkreisl\u00e4ufe in der Aufzucht und \u00fcber 10 getrennte Wasserkreisl\u00e4ufe im Versand und Versand Vorbereitung- \u00fcber alles besteht die Anlage aus \u00fcber 850 Kubikmeter Wasser.<br \/>\nJede der Anlagen wird mit W\u00e4rme, Luft und Sauerstoff separat angesteuert. Jede der Anlage verf\u00fcgt \u00fcber eine mechanische Vorfilterung mittels Trommelfilter, einem gro\u00dfen Nassfilter (10 bis 20% des Beckeninhalts) und zum Teil mehreren Rieselfiltereinheiten. Der Wasserinhalt der Becken passiert einmal pro Stunde die Filtereinheit.<\/p>\n<p>&nbsp;<\/p>\n<p>Mit all den von uns ergriffenen Ma\u00dfnahmen verfolgen wir ein Ziel: Unseren Kunden die gekauften Koi in perfektem Zustand und allerbester Kondition zu liefern.[\/vc_column_text][\/vc_column][\/vc_row]\n","protected":false},"excerpt":{"rendered":"<p>[vc_row][vc_column][mk_fancy_title font_family=&#8221;none&#8221; animation=&#8221;left-to-right&#8221; el_class=&#8221;headeranim&#8221; drop_shadow=&#8221;true&#8221; shadow_distance=&#8221;4&#8243; shadow_blur=&#8221;5&#8243; shadow_color=&#8221;#000000&#8243;]Koi Auktionen &#8211; Infos[\/mk_fancy_title][\/vc_column][\/vc_row][vc_row][vc_column visibility=&#8221;hidden-sm&#8221;][vc_single_image image=&#8221;27974&#8243; img_size=&#8221;full&#8221;][\/vc_column][\/vc_row][vc_row][vc_column visibility=&#8221;visible-sm&#8221;][vc_single_image image=&#8221;27810&#8243; img_size=&#8221;full&#8221;][\/vc_column][\/vc_row][vc_row][vc_column][vc_column_text title=&#8221;Koi Auktionen&#8221; css=&#8221;.vc_custom_1606921643535{margin-bottom: 0px !important;}&#8221;] &#8230;.die besondere Art Koi zu kaufen! Bieten Sie f\u00fcr Ihren Lieblings-Koi in unseren beliebten Koi-Auktionen. Ersteigern Sie bei uns insbesondere Showa, Kohaku, Sanke, Ochiba, Soragoi, Chagoi, Karashigoi sowie Metallic Varianten in gro\u00dfer Auswahl [&hellip;]<\/p>\n","protected":false},"author":5437,"featured_media":0,"parent":0,"menu_order":0,"comment_status":"closed","ping_status":"closed","template":"","meta":{"footnotes":""},"class_list":["post-8121","page","type-page","status-publish","hentry"],"translation":{"provider":"WPGlobus","version":"3.0.2","language":"en","enabled_languages":["de","en"],"languages":{"de":{"title":true,"content":true,"excerpt":false},"en":{"title":false,"content":false,"excerpt":false}}},"_links":{"self":[{"href":"https:\/\/old.dainichi-europe.de\/en\/wp-json\/wp\/v2\/pages\/8121","targetHints":{"allow":["GET"]}}],"collection":[{"href":"https:\/\/old.dainichi-europe.de\/en\/wp-json\/wp\/v2\/pages"}],"about":[{"href":"https:\/\/old.dainichi-europe.de\/en\/wp-json\/wp\/v2\/types\/page"}],"author":[{"embeddable":true,"href":"https:\/\/old.dainichi-europe.de\/en\/wp-json\/wp\/v2\/users\/5437"}],"replies":[{"embeddable":true,"href":"https:\/\/old.dainichi-europe.de\/en\/wp-json\/wp\/v2\/comments?post=8121"}],"version-history":[{"count":202,"href":"https:\/\/old.dainichi-europe.de\/en\/wp-json\/wp\/v2\/pages\/8121\/revisions"}],"predecessor-version":[{"id":65523,"href":"https:\/\/old.dainichi-europe.de\/en\/wp-json\/wp\/v2\/pages\/8121\/revisions\/65523"}],"wp:attachment":[{"href":"https:\/\/old.dainichi-europe.de\/en\/wp-json\/wp\/v2\/media?parent=8121"}],"curies":[{"name":"wp","href":"https:\/\/api.w.org\/{rel}","templated":true}]}}