{"id":41522,"date":"2022-11-10T17:50:39","date_gmt":"2022-11-10T16:50:39","guid":{"rendered":"https:\/\/www.dainichi-europe.de\/?post_type=product&#038;p=41522"},"modified":"2023-06-01T16:05:39","modified_gmt":"2023-06-01T14:05:39","slug":"dvs-trommelfilter-pp35-p","status":"publish","type":"product","link":"https:\/\/old.dainichi-europe.de\/en\/produkt\/dvs-trommelfilter-pp35-p\/","title":{"rendered":"Trommelfilter PP35-P inkl. eingebauter Sp\u00fclpumpe und Standard Steuerung"},"content":{"rendered":"[vc_row][vc_column][vc_tta_tabs][vc_tta_section title=&#8221;PP35-P&#8221; tab_id=&#8221;1668180813164-9a5b916d-1c60&#8243;][vc_column_text css=&#8221;.vc_custom_1685628286783{margin-bottom: 0px !important;}&#8221;]Dieser sehr hochwertig verarbeitete Trommelfilter aus PP Kunststoff\u00a0behauptet sich seit einigen Jahren sehr erfolgreich am Markt.<br \/>\nEin durchdachter, klassischer Aufbau gew\u00e4hrleistet\u00a0bei diesem Trommelfilter eine absolut reibungslose und st\u00f6rungsfreie Funktion und bietet Ihnen so viele Jahre Freude an Ihrer Teichanlage.<br \/>\nDer Filter ist komplett aus dem technischen Kunststoff PP = Polypropylen\u00a0hergestellt, welches eine hohe Lebensdauer und Stabilit\u00e4t garantiert.<\/p>\n<p>Der von uns angebotene Trommelfilter wird als <strong>Schwerkraftsystem <\/strong>betrieben. Alternativ kann auch ein <strong>gepumptes System<\/strong> bestellt werden. Bei Interesse wenden Sie sich jederzeit an uns.<br \/>\nGrunds\u00e4tzlich wird der PP35-P mit 2 Zul\u00e4ufen und 4 Abl\u00e4ufen mit jeweils 110mm Durchmesser ausgeliefert.<\/p>\n<p>Optional k\u00f6nnen zus\u00e4tzliche Zu- bzw. Abl\u00e4ufe in unterschiedlichen Durchmessern gegen Aufpreis bestellt werden.<\/p>\n<p><strong>Eine Unterwassersp\u00fclpumpe 55\/50 ist bereits eingebaut.<\/strong><\/p>\n<p>Die <strong>Lieferung <\/strong>erfolgt<strong> inkl. PP-Deckel <\/strong>und<strong> Standard Steuerung.<\/strong><\/p>\n<p>Standard-Steuerung besitzt folgende Funktionen:<br \/>\nautomatische Reinigung &#8211; manuelle Sp\u00fclung m\u00f6glich<br \/>\nSteckdosen f\u00fcr Sp\u00fclpumpe, Teichpumpe und Motor<br \/>\nReinigung (Zeit\/Dauer) und Sp\u00fclniveau sind einstellbar<br \/>\nStandard-Trockenlaufschutz f\u00fcr Teichpumpe<\/p>\n<p>Zur Erf\u00fcllung aller Regelaufgaben ist ein <strong>voreingestelltes Sensorpaket<\/strong> verbaut, das alle wichtigen Wasserst\u00e4nde \u00fcberpr\u00fcft:<\/p>\n<p>Mindestwasserstand &#8211; der nach Sp\u00fclung erreicht werden muss.<br \/>\nSp\u00fclwasserstand &#8211; vor Ausl\u00f6sung der Sp\u00fclung erreicht<br \/>\nTrockenlaufniveau &#8211; schaltet die F\u00f6rderpumpe aufgrund Wassermangels ab.[\/vc_column_text][\/vc_tta_section][vc_tta_section title=&#8221;Technische Daten&#8221; tab_id=&#8221;1668180813182-85fafa1e-09de&#8221;][vc_column_text css=&#8221;.vc_custom_1668182643461{margin-bottom: 0px !important;}&#8221;]\n<div class=\"col-sm-7 wow fadeInUp animated\">\n<div class=\"table-responsive\">\n<p><strong>Technische Daten PP35-P<\/strong><\/p>\n<ul>\n<li>Ausf\u00fchrung: Schwerkraft<\/li>\n<li>Durchfluss bis zu 35m\u00b3 pro Stunde<\/li>\n<li>Einbauh\u00f6he ca. 17cm \u00fcber Wasserniveau<\/li>\n<\/ul>\n<p><strong>Material<\/strong><\/p>\n<ul>\n<li>Filterkammer PP 10\/15mm<\/li>\n<li>Trommel PP 15\/20mm<\/li>\n<li>Edelstahl 316\/304<\/li>\n<li>Silikondichtungen<\/li>\n<li>PP-Geh\u00e4use mit CNC-Maschine geschnitten<\/li>\n<\/ul>\n<p><strong>Spezifikationen:<\/strong><\/p>\n<ul>\n<li>Standard Ein- und Ausg\u00e4nge gem. Zeichnung<\/li>\n<li>\u00c4nderungen Ein- und Ausg\u00e4nge nach Absprache m\u00f6glich\u00a0 evtl. Aufpreis<\/li>\n<li>1x 110mm Schmutzablauf<\/li>\n<li>Durchmesser der Trommel 40cm x 50cm<\/li>\n<li>Patentiertes 75Micron Edelstahlsieb<\/li>\n<li>2x 90mm Trommel-Bypass<\/li>\n<li>Spr\u00fchd\u00fcsen austauschbar und Sp\u00fclrinne demontierbar<\/li>\n<li>50NM Antriebsmotor mit 4 u\/min<\/li>\n<li>Deckel im Lieferumfang enthalten<\/li>\n<\/ul>\n<\/div>\n<\/div>\n<p><strong>Steuerung:<\/strong><\/p>\n<ul>\n<li>Automatische Reinigung, Plug and Play \u00fcber Sensor mit Messstiften<\/li>\n<li>Manuelle Sp\u00fclung \u00fcber Sp\u00fclknopf m\u00f6glich<\/li>\n<li>Reinigung (Zeit\/Dauer) sowie Sp\u00fclnievau einstellbar<\/li>\n<li>3 Steckdosen f\u00fcr Sp\u00fclpumpe, Teichpumpe und Motor enthalten<\/li>\n<li>Standard Trockenlaufschutz f\u00fcr Teichpumpe<\/li>\n<li>Alle Filtermodule k\u00f6nnen ausgetauscht werden<\/li>\n<li>Filterlieferung mit ausf\u00fchrlicher Gebrauchsanleitung<\/li>\n<li>CE-Zeichen vorhanden<\/li>\n<\/ul>\n<p>&nbsp;<\/p>\n<ul>\n<li>2 Jahre Garantie (ausgenommen auf das Sieb)<\/li>\n<\/ul>\n[\/vc_column_text][\/vc_tta_section][\/vc_tta_tabs][\/vc_column][\/vc_row]\n","protected":false},"excerpt":{"rendered":"<p>[vc_row][vc_column][vc_tta_tabs][vc_tta_section title=&#8221;PP35-P&#8221; tab_id=&#8221;1668180813164-9a5b916d-1c60&#8243;][vc_column_text css=&#8221;.vc_custom_1685628286783{margin-bottom: 0px !important;}&#8221;]Dieser sehr hochwertig verarbeitete Trommelfilter aus PP Kunststoff\u00a0behauptet sich seit einigen Jahren sehr erfolgreich am Markt. Ein durchdachter, klassischer Aufbau gew\u00e4hrleistet\u00a0bei diesem Trommelfilter eine absolut reibungslose und st\u00f6rungsfreie Funktion und bietet Ihnen so viele Jahre Freude an Ihrer Teichanlage. Der Filter ist komplett aus dem technischen Kunststoff PP = Polypropylen\u00a0hergestellt, [&hellip;]<\/p>\n","protected":false},"featured_media":41525,"comment_status":"closed","ping_status":"closed","template":"","meta":[],"product_brand":[],"product_cat":[145],"product_tag":[],"class_list":{"0":"post-41522","1":"product","2":"type-product","3":"status-publish","4":"has-post-thumbnail","6":"product_cat-zubehoer","8":"first","9":"instock","10":"taxable","11":"shipping-taxable","12":"purchasable","13":"product-type-simple"},"translation":{"provider":"WPGlobus","version":"3.0.2","language":"en","enabled_languages":["de","en"],"languages":{"de":{"title":true,"content":true,"excerpt":false},"en":{"title":false,"content":false,"excerpt":false}}},"_links":{"self":[{"href":"https:\/\/old.dainichi-europe.de\/en\/wp-json\/wp\/v2\/product\/41522","targetHints":{"allow":["GET"]}}],"collection":[{"href":"https:\/\/old.dainichi-europe.de\/en\/wp-json\/wp\/v2\/product"}],"about":[{"href":"https:\/\/old.dainichi-europe.de\/en\/wp-json\/wp\/v2\/types\/product"}],"replies":[{"embeddable":true,"href":"https:\/\/old.dainichi-europe.de\/en\/wp-json\/wp\/v2\/comments?post=41522"}],"wp:featuredmedia":[{"embeddable":true,"href":"https:\/\/old.dainichi-europe.de\/en\/wp-json\/wp\/v2\/media\/41525"}],"wp:attachment":[{"href":"https:\/\/old.dainichi-europe.de\/en\/wp-json\/wp\/v2\/media?parent=41522"}],"wp:term":[{"taxonomy":"product_brand","embeddable":true,"href":"https:\/\/old.dainichi-europe.de\/en\/wp-json\/wp\/v2\/product_brand?post=41522"},{"taxonomy":"product_cat","embeddable":true,"href":"https:\/\/old.dainichi-europe.de\/en\/wp-json\/wp\/v2\/product_cat?post=41522"},{"taxonomy":"product_tag","embeddable":true,"href":"https:\/\/old.dainichi-europe.de\/en\/wp-json\/wp\/v2\/product_tag?post=41522"}],"curies":[{"name":"wp","href":"https:\/\/api.w.org\/{rel}","templated":true}]}}